{"id":962,"date":"2025-03-24T13:49:54","date_gmt":"2025-03-24T17:49:54","guid":{"rendered":"https:\/\/www.nevealaval.ca\/appartements\/"},"modified":"2026-02-24T12:07:39","modified_gmt":"2026-02-24T17:07:39","slug":"apartments","status":"publish","type":"page","link":"https:\/\/www.nevealaval.ca\/en\/apartments\/","title":{"rendered":"Apartments"},"content":{"rendered":"","protected":false},"excerpt":{"rendered":"","protected":false},"author":2,"featured_media":942,"parent":0,"menu_order":0,"comment_status":"closed","ping_status":"closed","template":"","meta":{"_acf_changed":false,"footnotes":""},"class_list":["post-962","page","type-page","status-publish","has-post-thumbnail","hentry"],"acf":[],"yoast_head":"<!-- This site is optimized with the Yoast SEO plugin v26.3 - https:\/\/yoast.com\/wordpress\/plugins\/seo\/ -->\n<title>High-Quality Apartments in Laval \u2013 N\u00e9v\u00e9a Laval<\/title>\n<meta name=\"description\" content=\"Discover our modern apartments at N\u00e9v\u00e9a Laval: included appliances, high-speed internet, superior soundproofing, and bright spaces.\" \/>\n<meta name=\"robots\" content=\"index, follow, max-snippet:-1, max-image-preview:large, max-video-preview:-1\" \/>\n<link rel=\"canonical\" href=\"https:\/\/www.nevealaval.ca\/en\/apartments\/\" \/>\n<meta property=\"og:locale\" content=\"en_US\" \/>\n<meta property=\"og:type\" content=\"article\" \/>\n<meta property=\"og:title\" content=\"High-Quality Apartments in Laval \u2013 N\u00e9v\u00e9a Laval\" \/>\n<meta property=\"og:description\" content=\"Discover our modern apartments at N\u00e9v\u00e9a Laval: included appliances, high-speed internet, superior soundproofing, and bright spaces.\" \/>\n<meta property=\"og:url\" content=\"https:\/\/www.nevealaval.ca\/en\/apartments\/\" \/>\n<meta property=\"og:site_name\" content=\"Nevea Laval\" \/>\n<meta property=\"article:modified_time\" content=\"2026-02-24T17:07:39+00:00\" \/>\n<meta property=\"og:image\" content=\"https:\/\/www.nevealaval.ca\/wp-content\/uploads\/2025\/03\/nevea_social_preview-1024x538.jpg\" \/>\n<meta name=\"twitter:card\" content=\"summary_large_image\" \/>\n<meta name=\"twitter:title\" content=\"High-Quality Apartments in Laval \u2013 N\u00e9v\u00e9a Laval\" \/>\n<script type=\"application\/ld+json\" class=\"yoast-schema-graph\">{\"@context\":\"https:\/\/schema.org\",\"@graph\":[{\"@type\":\"WebPage\",\"@id\":\"https:\/\/www.nevealaval.ca\/en\/apartments\/\",\"url\":\"https:\/\/www.nevealaval.ca\/en\/apartments\/\",\"name\":\"High-Quality Apartments in Laval \u2013 N\u00e9v\u00e9a Laval\",\"isPartOf\":{\"@id\":\"https:\/\/www.nevealaval.ca\/#website\"},\"primaryImageOfPage\":{\"@id\":\"https:\/\/www.nevealaval.ca\/en\/apartments\/#primaryimage\"},\"image\":{\"@id\":\"https:\/\/www.nevealaval.ca\/en\/apartments\/#primaryimage\"},\"thumbnailUrl\":\"https:\/\/www.nevealaval.ca\/wp-content\/uploads\/2025\/03\/nevea_social_preview.jpg\",\"datePublished\":\"2025-03-24T17:49:54+00:00\",\"dateModified\":\"2026-02-24T17:07:39+00:00\",\"description\":\"Discover our modern apartments at N\u00e9v\u00e9a Laval: included appliances, high-speed internet, superior soundproofing, and bright spaces.\",\"breadcrumb\":{\"@id\":\"https:\/\/www.nevealaval.ca\/en\/apartments\/#breadcrumb\"},\"inLanguage\":\"en-US\",\"potentialAction\":[{\"@type\":\"ReadAction\",\"target\":[\"https:\/\/www.nevealaval.ca\/en\/apartments\/\"]}]},{\"@type\":\"ImageObject\",\"inLanguage\":\"en-US\",\"@id\":\"https:\/\/www.nevealaval.ca\/en\/apartments\/#primaryimage\",\"url\":\"https:\/\/www.nevealaval.ca\/wp-content\/uploads\/2025\/03\/nevea_social_preview.jpg\",\"contentUrl\":\"https:\/\/www.nevealaval.ca\/wp-content\/uploads\/2025\/03\/nevea_social_preview.jpg\",\"width\":1200,\"height\":630},{\"@type\":\"BreadcrumbList\",\"@id\":\"https:\/\/www.nevealaval.ca\/en\/apartments\/#breadcrumb\",\"itemListElement\":[{\"@type\":\"ListItem\",\"position\":1,\"name\":\"Accueil\",\"item\":\"https:\/\/www.nevealaval.ca\/en\/\"},{\"@type\":\"ListItem\",\"position\":2,\"name\":\"Apartments\"}]},{\"@type\":\"WebSite\",\"@id\":\"https:\/\/www.nevealaval.ca\/#website\",\"url\":\"https:\/\/www.nevealaval.ca\/\",\"name\":\"Nevea Laval\",\"description\":\"\",\"potentialAction\":[{\"@type\":\"SearchAction\",\"target\":{\"@type\":\"EntryPoint\",\"urlTemplate\":\"https:\/\/www.nevealaval.ca\/?s={search_term_string}\"},\"query-input\":{\"@type\":\"PropertyValueSpecification\",\"valueRequired\":true,\"valueName\":\"search_term_string\"}}],\"inLanguage\":\"en-US\"}]}<\/script>\n<!-- \/ Yoast SEO plugin. -->","yoast_head_json":{"title":"High-Quality Apartments in Laval \u2013 N\u00e9v\u00e9a Laval","description":"Discover our modern apartments at N\u00e9v\u00e9a Laval: included appliances, high-speed internet, superior soundproofing, and bright spaces.","robots":{"index":"index","follow":"follow","max-snippet":"max-snippet:-1","max-image-preview":"max-image-preview:large","max-video-preview":"max-video-preview:-1"},"canonical":"https:\/\/www.nevealaval.ca\/en\/apartments\/","og_locale":"en_US","og_type":"article","og_title":"High-Quality Apartments in Laval \u2013 N\u00e9v\u00e9a Laval","og_description":"Discover our modern apartments at N\u00e9v\u00e9a Laval: included appliances, high-speed internet, superior soundproofing, and bright spaces.","og_url":"https:\/\/www.nevealaval.ca\/en\/apartments\/","og_site_name":"Nevea Laval","article_modified_time":"2026-02-24T17:07:39+00:00","og_image":[{"url":"https:\/\/www.nevealaval.ca\/wp-content\/uploads\/2025\/03\/nevea_social_preview-1024x538.jpg","type":"","width":"","height":""}],"twitter_card":"summary_large_image","twitter_title":"High-Quality Apartments in Laval \u2013 N\u00e9v\u00e9a Laval","schema":{"@context":"https:\/\/schema.org","@graph":[{"@type":"WebPage","@id":"https:\/\/www.nevealaval.ca\/en\/apartments\/","url":"https:\/\/www.nevealaval.ca\/en\/apartments\/","name":"High-Quality Apartments in Laval \u2013 N\u00e9v\u00e9a Laval","isPartOf":{"@id":"https:\/\/www.nevealaval.ca\/#website"},"primaryImageOfPage":{"@id":"https:\/\/www.nevealaval.ca\/en\/apartments\/#primaryimage"},"image":{"@id":"https:\/\/www.nevealaval.ca\/en\/apartments\/#primaryimage"},"thumbnailUrl":"https:\/\/www.nevealaval.ca\/wp-content\/uploads\/2025\/03\/nevea_social_preview.jpg","datePublished":"2025-03-24T17:49:54+00:00","dateModified":"2026-02-24T17:07:39+00:00","description":"Discover our modern apartments at N\u00e9v\u00e9a Laval: included appliances, high-speed internet, superior soundproofing, and bright spaces.","breadcrumb":{"@id":"https:\/\/www.nevealaval.ca\/en\/apartments\/#breadcrumb"},"inLanguage":"en-US","potentialAction":[{"@type":"ReadAction","target":["https:\/\/www.nevealaval.ca\/en\/apartments\/"]}]},{"@type":"ImageObject","inLanguage":"en-US","@id":"https:\/\/www.nevealaval.ca\/en\/apartments\/#primaryimage","url":"https:\/\/www.nevealaval.ca\/wp-content\/uploads\/2025\/03\/nevea_social_preview.jpg","contentUrl":"https:\/\/www.nevealaval.ca\/wp-content\/uploads\/2025\/03\/nevea_social_preview.jpg","width":1200,"height":630},{"@type":"BreadcrumbList","@id":"https:\/\/www.nevealaval.ca\/en\/apartments\/#breadcrumb","itemListElement":[{"@type":"ListItem","position":1,"name":"Accueil","item":"https:\/\/www.nevealaval.ca\/en\/"},{"@type":"ListItem","position":2,"name":"Apartments"}]},{"@type":"WebSite","@id":"https:\/\/www.nevealaval.ca\/#website","url":"https:\/\/www.nevealaval.ca\/","name":"Nevea Laval","description":"","potentialAction":[{"@type":"SearchAction","target":{"@type":"EntryPoint","urlTemplate":"https:\/\/www.nevealaval.ca\/?s={search_term_string}"},"query-input":{"@type":"PropertyValueSpecification","valueRequired":true,"valueName":"search_term_string"}}],"inLanguage":"en-US"}]}},"_links":{"self":[{"href":"https:\/\/www.nevealaval.ca\/en\/wp-json\/wp\/v2\/pages\/962","targetHints":{"allow":["GET"]}}],"collection":[{"href":"https:\/\/www.nevealaval.ca\/en\/wp-json\/wp\/v2\/pages"}],"about":[{"href":"https:\/\/www.nevealaval.ca\/en\/wp-json\/wp\/v2\/types\/page"}],"author":[{"embeddable":true,"href":"https:\/\/www.nevealaval.ca\/en\/wp-json\/wp\/v2\/users\/2"}],"replies":[{"embeddable":true,"href":"https:\/\/www.nevealaval.ca\/en\/wp-json\/wp\/v2\/comments?post=962"}],"version-history":[{"count":23,"href":"https:\/\/www.nevealaval.ca\/en\/wp-json\/wp\/v2\/pages\/962\/revisions"}],"predecessor-version":[{"id":3202,"href":"https:\/\/www.nevealaval.ca\/en\/wp-json\/wp\/v2\/pages\/962\/revisions\/3202"}],"wp:featuredmedia":[{"embeddable":true,"href":"https:\/\/www.nevealaval.ca\/en\/wp-json\/wp\/v2\/media\/942"}],"wp:attachment":[{"href":"https:\/\/www.nevealaval.ca\/en\/wp-json\/wp\/v2\/media?parent=962"}],"curies":[{"name":"wp","href":"https:\/\/api.w.org\/{rel}","templated":true}]}}